{"id":3,"date":"2025-05-15T21:02:04","date_gmt":"2025-05-15T21:02:04","guid":{"rendered":"https:\/\/mcdmuhendislik.com\/?page_id=3"},"modified":"2025-05-18T03:14:55","modified_gmt":"2025-05-18T00:14:55","slug":"gizlilik-politikasi","status":"publish","type":"page","link":"https:\/\/mcdmuhendislik.com\/en\/gizlilik-politikasi\/","title":{"rendered":"Privacy Policy"},"content":{"rendered":"<div data-elementor-type=\"wp-page\" data-elementor-id=\"3\" class=\"elementor elementor-3\">\n\t\t\t\t<div class=\"elementor-element elementor-element-4688a9ee e-flex e-con-boxed e-con e-parent\" data-id=\"4688a9ee\" data-element_type=\"container\">\n\t\t\t\t\t<div class=\"e-con-inner\">\n\t\t\t\t<div class=\"elementor-element elementor-element-23a554a7 elementor-widget elementor-widget-text-editor\" data-id=\"23a554a7\" data-element_type=\"widget\" data-widget_type=\"text-editor.default\">\n\t\t\t\t<div class=\"elementor-widget-container\">\n\t\t\t\t\t\t\t\t\t<h1 class=\"elementor-heading-title elementor-size-default elementor-inline-editing pen\" contenteditable=\"true\" data-elementor-setting-key=\"title\" data-pen-placeholder=\"Buraya Yaz\u0131n...\">Privacy Policy - MCD Engineering<\/h1>\n<div>\n<h2 dir=\"ltr\">Who We Are?<\/h2>\n<div class=\"css-146c3p1 r-bcqeeo r-1ttztb7 r-qvutc0 r-37j5jr r-a023e6 r-16dba41 r-1adg3ll r-1b5gpbm r-a8ghvy\" dir=\"ltr\"><span class=\"css-1jxf684 r-bcqeeo r-1ttztb7 r-qvutc0 r-poiln3\"><span class=\"css-1jxf684 r-bcqeeo r-1ttztb7 r-qvutc0 r-poiln3 r-a8ghvy\">MCD Electrical Engineering is an Izmir-based electrical engineering firm. Our website address is: <\/span><a class=\"css-1jxf684 r-bcqeeo r-1ttztb7 r-qvutc0 r-poiln3 r-1g4g62n r-yn5ncy r-clrlgt r-1ec6tlx r-1nao33i r-m71pgl r-1ddef8g r-1loqt21\" role=\"link\" href=\"https:\/\/mcdmuhendislik.com\/en\/\" target=\"_blank\" rel=\"noopener noreferrer nofollow\" data-copy-preserve=\"1\">https:\/\/mcdmuhendislik.com<\/a><span class=\"css-1jxf684 r-bcqeeo r-1ttztb7 r-qvutc0 r-poiln3 r-a8ghvy\">We provide electrical engineering and consultancy services, meeting the needs of individuals and businesses in accordance with international standards, laws, and regulations. This privacy policy explains how your data is processed and protected. For more information, <\/span><a href=\"\/en\/hakkimizda\/\">about us<\/a><span class=\"css-1jxf684 r-bcqeeo r-1ttztb7 r-qvutc0 r-poiln3 r-a8ghvy\">\u00a0page. <\/span><\/span><\/div>\n<div class=\"css-146c3p1 r-bcqeeo r-1ttztb7 r-qvutc0 r-37j5jr r-a023e6 r-16dba41 r-1adg3ll r-1b5gpbm r-a8ghvy\" dir=\"ltr\">\u00a0<\/div>\n<\/div>\n<!-- \/wp:paragraph --><!-- wp:paragraph -->\n<h2>Data We Collect and Purpose of Use<\/h2>\n<!-- \/wp:paragraph --><!-- wp:paragraph -->\n<div>\n<div class=\"css-146c3p1 r-bcqeeo r-1ttztb7 r-qvutc0 r-37j5jr r-a023e6 r-16dba41 r-1adg3ll r-1b5gpbm r-a8ghvy\" dir=\"ltr\"><span class=\"css-1jxf684 r-bcqeeo r-1ttztb7 r-qvutc0 r-poiln3\"><span class=\"css-1jxf684 r-bcqeeo r-1ttztb7 r-qvutc0 r-poiln3 r-a8ghvy\">When you visit our website, we collect personal data such as your name, email address, and phone number through contact forms or other methods. Our expert team uses this data to respond to your inquiries, provide information about your projects, and deliver our services. Additionally, we automatically record technical data, such as your IP address and browser information, to assist with spam detection. Throughout this process, we take necessary measures to protect your privacy. For example, your data is processed solely for the purpose of service delivery. <\/span><\/span><\/div>\n<\/div>\n<!-- \/wp:paragraph --><!-- wp:paragraph -->\n<h2>Cookies<\/h2>\n<!-- \/wp:paragraph --><!-- wp:paragraph -->\n<div>\n<div class=\"css-146c3p1 r-bcqeeo r-1ttztb7 r-qvutc0 r-37j5jr r-a023e6 r-16dba41 r-1adg3ll r-1b5gpbm r-a8ghvy\" dir=\"ltr\"><span class=\"css-1jxf684 r-bcqeeo r-1ttztb7 r-qvutc0 r-poiln3\"><span class=\"css-1jxf684 r-bcqeeo r-1ttztb7 r-qvutc0 r-poiln3 r-a8ghvy\">When you visit our website, we use temporary cookies to determine whether your browser accepts cookies. These cookies do not contain personal data and are deleted when you close your browser. This enhances our website\u2019s functionality and improves your user experience. For detailed information <\/span><a href=\"\/en\/iletisim\/\">Contact<\/a> Us!<span class=\"css-1jxf684 r-bcqeeo r-1ttztb7 r-qvutc0 r-poiln3 r-a8ghvy\">\u00a0page. <\/span><\/span><\/div>\n<\/div>\n<!-- \/wp:paragraph --><!-- wp:paragraph -->\n<h2>Embedded Content from Other Websites<\/h2>\n<div>\n<div class=\"css-146c3p1 r-bcqeeo r-1ttztb7 r-qvutc0 r-37j5jr r-a023e6 r-16dba41 r-1adg3ll r-1b5gpbm r-a8ghvy\" dir=\"ltr\"><span class=\"css-1jxf684 r-bcqeeo r-1ttztb7 r-qvutc0 r-poiln3\"><span class=\"css-1jxf684 r-bcqeeo r-1ttztb7 r-qvutc0 r-poiln3 r-a8ghvy\">Our website may include embedded content such as maps, videos, or images from other sites. This content behaves as if you visited the source website directly. These sites may collect data, use cookies, or track your interactions. However, MCD Electrical Engineering is not responsible for the privacy policies of these sites. We recommend exercising caution. <\/span><\/span><\/div>\n<\/div>\n<!-- \/wp:paragraph --><!-- wp:paragraph --><!-- \/wp:paragraph --><!-- wp:paragraph -->\n<h2>Who We Share Your Data With<\/h2>\n<!-- \/wp:paragraph --><!-- wp:paragraph -->\n<div>\n<div class=\"css-146c3p1 r-bcqeeo r-1ttztb7 r-qvutc0 r-37j5jr r-a023e6 r-16dba41 r-1adg3ll r-1b5gpbm r-a8ghvy\" dir=\"ltr\"><span class=\"css-1jxf684 r-bcqeeo r-1ttztb7 r-qvutc0 r-poiln3\"><span class=\"css-1jxf684 r-bcqeeo r-1ttztb7 r-qvutc0 r-poiln3 r-a8ghvy\">We share the data we collect only with authorized individuals or entities when necessary to provide our services. For example, we may share your IP address with spam detection services. Otherwise, your data is not shared with third parties, ensuring your privacy. For more information, <\/span><a href=\"\/en\/iletisim\/\">Contact<\/a> Us! <span class=\"css-1jxf684 r-bcqeeo r-1ttztb7 r-qvutc0 r-poiln3 r-a8ghvy\">page. <\/span><\/span><\/div>\n<\/div>\n<!-- \/wp:paragraph --><!-- wp:paragraph -->\n<h2>How Long We Retain Your Data<\/h2>\n<div>\n<div class=\"css-146c3p1 r-bcqeeo r-1ttztb7 r-qvutc0 r-37j5jr r-a023e6 r-16dba41 r-1adg3ll r-1b5gpbm r-a8ghvy\" dir=\"ltr\"><span class=\"css-1jxf684 r-bcqeeo r-1ttztb7 r-qvutc0 r-poiln3\"><span class=\"css-1jxf684 r-bcqeeo r-1ttztb7 r-qvutc0 r-poiln3 r-a8ghvy\">Data collected through contact forms or other methods is retained in accordance with legal requirements after your request is processed. Our expert team does not keep your data indefinitely unless legally required, ensuring your data security. We comply with the retention periods specified under Turkey\u2019s Personal Data Protection Law (KVKK). <\/span><\/span><\/div>\n<\/div>\n<!-- \/wp:paragraph --><!-- wp:paragraph --><!-- \/wp:paragraph --><!-- wp:paragraph -->\n<h2>Your Rights Over Your Data<\/h2>\n<!-- \/wp:paragraph --><!-- wp:paragraph -->\n<div>\n<div class=\"css-146c3p1 r-bcqeeo r-1ttztb7 r-qvutc0 r-37j5jr r-a023e6 r-16dba41 r-1adg3ll r-1b5gpbm r-a8ghvy\" dir=\"ltr\"><span class=\"css-1jxf684 r-bcqeeo r-1ttztb7 r-qvutc0 r-poiln3\"><span class=\"css-1jxf684 r-bcqeeo r-1ttztb7 r-qvutc0 r-poiln3 r-a8ghvy\">You can contact us to view, correct, or request the deletion of personal data we hold about you. Our team fulfills your request, except for data required to be retained for legal, administrative, or security purposes. This allows you to exercise your rights under the KVKK. For more details, <\/span><a href=\"\/en\/iletisim\/\">Contact<\/a> Us!<span class=\"css-1jxf684 r-bcqeeo r-1ttztb7 r-qvutc0 r-poiln3 r-a8ghvy\">\u00a0. <\/span><\/span><\/div>\n<\/div>\n<!-- \/wp:paragraph --><!-- wp:paragraph -->\n<h2>Where Your Data is Sent<\/h2>\n<div>\n<div class=\"css-146c3p1 r-bcqeeo r-1ttztb7 r-qvutc0 r-37j5jr r-a023e6 r-16dba41 r-1adg3ll r-1b5gpbm r-a8ghvy\" dir=\"ltr\"><span class=\"css-1jxf684 r-bcqeeo r-1ttztb7 r-qvutc0 r-poiln3\"><span class=\"css-1jxf684 r-bcqeeo r-1ttztb7 r-qvutc0 r-poiln3 r-a8ghvy\">Visitor data may be checked through automated systems, such as spam detection services, which may transfer your data abroad. However, we take necessary precautions to protect your privacy during these processes. For example, we use encryption during data transfers to ensure the security of your information. <\/span><\/span><\/div>\n<\/div>\n<!-- \/wp:paragraph --><!-- wp:paragraph --><!-- \/wp:paragraph --><!-- wp:paragraph -->\n<h2>Contact<\/h2>\n<!-- \/wp:paragraph --><!-- wp:paragraph -->\n<div>\n<div class=\"css-146c3p1 r-bcqeeo r-1ttztb7 r-qvutc0 r-37j5jr r-a023e6 r-16dba41 r-1adg3ll r-1b5gpbm r-a8ghvy\" dir=\"ltr\"><span class=\"css-1jxf684 r-bcqeeo r-1ttztb7 r-qvutc0 r-poiln3\"><span class=\"css-1jxf684 r-bcqeeo r-1ttztb7 r-qvutc0 r-poiln3 r-a8ghvy\">If you have questions about our privacy policy, please contact us. At MCD Electrical Engineering, we prioritize your data privacy. To have your questions answered, <\/span><a href=\"\/en\/iletisim\/\">Contact<\/a> Us!<span class=\"css-1jxf684 r-bcqeeo r-1ttztb7 r-qvutc0 r-poiln3 r-a8ghvy\">\u00a0page. <\/span><\/span><\/div>\n<\/div>\n<!-- \/wp:paragraph -->\t\t\t\t\t\t\t\t<\/div>\n\t\t\t\t<\/div>\n\t\t\t\t\t<\/div>\n\t\t\t\t<\/div>\n\t\t\t\t<\/div>","protected":false},"excerpt":{"rendered":"<p>Gizlilik Politikas\u0131 &#8211; MCD M\u00fchendislik\u200b Biz Kimiz? MCD Elektrik M\u00fchendislik, \u0130zmir merkezli bir elektrik m\u00fchendislik firmas\u0131d\u0131r. Web sitemizin adresi: https:\/\/mcdmuhendislik.com. [&hellip;]<\/p>","protected":false},"author":1,"featured_media":0,"parent":0,"menu_order":0,"comment_status":"closed","ping_status":"open","template":"","meta":{"site-sidebar-layout":"default","site-content-layout":"","ast-site-content-layout":"","site-content-style":"default","site-sidebar-style":"default","ast-global-header-display":"","ast-banner-title-visibility":"","ast-main-header-display":"","ast-hfb-above-header-display":"","ast-hfb-below-header-display":"","ast-hfb-mobile-header-display":"","site-post-title":"","ast-breadcrumbs-content":"","ast-featured-img":"","footer-sml-layout":"","theme-transparent-header-meta":"","adv-header-id-meta":"","stick-header-meta":"","header-above-stick-meta":"","header-main-stick-meta":"","header-below-stick-meta":"","astra-migrate-meta-layouts":"default","ast-page-background-enabled":"default","ast-page-background-meta":{"desktop":{"background-color":"var(--ast-global-color-5)","background-image":"","background-repeat":"repeat","background-position":"center center","background-size":"auto","background-attachment":"scroll","background-type":"","background-media":"","overlay-type":"","overlay-color":"","overlay-opacity":"","overlay-gradient":""},"tablet":{"background-color":"","background-image":"","background-repeat":"repeat","background-position":"center center","background-size":"auto","background-attachment":"scroll","background-type":"","background-media":"","overlay-type":"","overlay-color":"","overlay-opacity":"","overlay-gradient":""},"mobile":{"background-color":"","background-image":"","background-repeat":"repeat","background-position":"center center","background-size":"auto","background-attachment":"scroll","background-type":"","background-media":"","overlay-type":"","overlay-color":"","overlay-opacity":"","overlay-gradient":""}},"ast-content-background-meta":{"desktop":{"background-color":"var(--ast-global-color-4)","background-image":"","background-repeat":"repeat","background-position":"center center","background-size":"auto","background-attachment":"scroll","background-type":"","background-media":"","overlay-type":"","overlay-color":"","overlay-opacity":"","overlay-gradient":""},"tablet":{"background-color":"var(--ast-global-color-4)","background-image":"","background-repeat":"repeat","background-position":"center center","background-size":"auto","background-attachment":"scroll","background-type":"","background-media":"","overlay-type":"","overlay-color":"","overlay-opacity":"","overlay-gradient":""},"mobile":{"background-color":"var(--ast-global-color-4)","background-image":"","background-repeat":"repeat","background-position":"center center","background-size":"auto","background-attachment":"scroll","background-type":"","background-media":"","overlay-type":"","overlay-color":"","overlay-opacity":"","overlay-gradient":""}},"footnotes":""},"class_list":["post-3","page","type-page","status-publish","hentry"],"yoast_head":"<!-- This site is optimized with the Yoast SEO plugin v26.8 - https:\/\/yoast.com\/product\/yoast-seo-wordpress\/ -->\n<title>MCD Elektrik M\u00fchendislik Gizlilik Politikas\u0131 - Veri Koruma<\/title>\n<meta name=\"description\" content=\"MCD M\u00fchendislik gizlilik politikas\u0131: Ki\u015fisel verilerinizin nas\u0131l topland\u0131\u011f\u0131n\u0131, kullan\u0131ld\u0131\u011f\u0131n\u0131 ve korundu\u011funu \u00f6\u011frenin.\" \/>\n<meta name=\"robots\" content=\"index, follow, max-snippet:-1, max-image-preview:large, max-video-preview:-1\" \/>\n<link rel=\"canonical\" href=\"https:\/\/mcdmuhendislik.com\/en\/gizlilik-politikasi\/\" \/>\n<meta property=\"og:locale\" content=\"en_US\" \/>\n<meta property=\"og:type\" content=\"article\" \/>\n<meta property=\"og:title\" content=\"MCD Elektrik M\u00fchendislik Gizlilik Politikas\u0131 - Veri Koruma\" \/>\n<meta property=\"og:description\" content=\"MCD M\u00fchendislik gizlilik politikas\u0131: Ki\u015fisel verilerinizin nas\u0131l topland\u0131\u011f\u0131n\u0131, kullan\u0131ld\u0131\u011f\u0131n\u0131 ve korundu\u011funu \u00f6\u011frenin.\" \/>\n<meta property=\"og:url\" content=\"https:\/\/mcdmuhendislik.com\/en\/gizlilik-politikasi\/\" \/>\n<meta property=\"og:site_name\" content=\"MCD Elektrik M\u00fchendislik\" \/>\n<meta property=\"article:modified_time\" content=\"2025-05-18T00:14:55+00:00\" \/>\n<meta name=\"twitter:card\" content=\"summary_large_image\" \/>\n<meta name=\"twitter:label1\" content=\"Est. reading time\" \/>\n\t<meta name=\"twitter:data1\" content=\"3 minutes\" \/>\n<script type=\"application\/ld+json\" class=\"yoast-schema-graph\">{\"@context\":\"https:\/\/schema.org\",\"@graph\":[{\"@type\":\"WebPage\",\"@id\":\"https:\/\/mcdmuhendislik.com\/gizlilik-politikasi\/\",\"url\":\"https:\/\/mcdmuhendislik.com\/gizlilik-politikasi\/\",\"name\":\"MCD Elektrik M\u00fchendislik Gizlilik Politikas\u0131 - Veri Koruma\",\"isPartOf\":{\"@id\":\"https:\/\/mcdmuhendislik.com\/#website\"},\"datePublished\":\"2025-05-15T21:02:04+00:00\",\"dateModified\":\"2025-05-18T00:14:55+00:00\",\"description\":\"MCD M\u00fchendislik gizlilik politikas\u0131: Ki\u015fisel verilerinizin nas\u0131l topland\u0131\u011f\u0131n\u0131, kullan\u0131ld\u0131\u011f\u0131n\u0131 ve korundu\u011funu \u00f6\u011frenin.\",\"breadcrumb\":{\"@id\":\"https:\/\/mcdmuhendislik.com\/gizlilik-politikasi\/#breadcrumb\"},\"inLanguage\":\"en-US\",\"potentialAction\":[{\"@type\":\"ReadAction\",\"target\":[\"https:\/\/mcdmuhendislik.com\/gizlilik-politikasi\/\"]}]},{\"@type\":\"BreadcrumbList\",\"@id\":\"https:\/\/mcdmuhendislik.com\/gizlilik-politikasi\/#breadcrumb\",\"itemListElement\":[{\"@type\":\"ListItem\",\"position\":1,\"name\":\"Anasayfa\",\"item\":\"https:\/\/mcdmuhendislik.com\/\"},{\"@type\":\"ListItem\",\"position\":2,\"name\":\"Gizlilik Politikas\u0131\"}]},{\"@type\":\"WebSite\",\"@id\":\"https:\/\/mcdmuhendislik.com\/#website\",\"url\":\"https:\/\/mcdmuhendislik.com\/\",\"name\":\"MCD Elektrik M\u00fchendislik\",\"description\":\"\u0130zmir\u2019e Enerji, MCD ile G\u00fcven!\",\"publisher\":{\"@id\":\"https:\/\/mcdmuhendislik.com\/#organization\"},\"alternateName\":\"MCD Elektrik\",\"potentialAction\":[{\"@type\":\"SearchAction\",\"target\":{\"@type\":\"EntryPoint\",\"urlTemplate\":\"https:\/\/mcdmuhendislik.com\/?s={search_term_string}\"},\"query-input\":{\"@type\":\"PropertyValueSpecification\",\"valueRequired\":true,\"valueName\":\"search_term_string\"}}],\"inLanguage\":\"en-US\"},{\"@type\":\"Organization\",\"@id\":\"https:\/\/mcdmuhendislik.com\/#organization\",\"name\":\"MCD Elektrik M\u00fchendislik\",\"url\":\"https:\/\/mcdmuhendislik.com\/\",\"logo\":{\"@type\":\"ImageObject\",\"inLanguage\":\"en-US\",\"@id\":\"https:\/\/mcdmuhendislik.com\/#\/schema\/logo\/image\/\",\"url\":\"https:\/\/mcdmuhendislik.com\/wp-content\/uploads\/2025\/05\/mcd-logo-150x100-1.webp\",\"contentUrl\":\"https:\/\/mcdmuhendislik.com\/wp-content\/uploads\/2025\/05\/mcd-logo-150x100-1.webp\",\"width\":150,\"height\":100,\"caption\":\"MCD Elektrik M\u00fchendislik\"},\"image\":{\"@id\":\"https:\/\/mcdmuhendislik.com\/#\/schema\/logo\/image\/\"}}]}<\/script>\n<!-- \/ Yoast SEO plugin. -->","yoast_head_json":{"title":"MCD Elektrik M\u00fchendislik Gizlilik Politikas\u0131 - Veri Koruma","description":"MCD M\u00fchendislik gizlilik politikas\u0131: Ki\u015fisel verilerinizin nas\u0131l topland\u0131\u011f\u0131n\u0131, kullan\u0131ld\u0131\u011f\u0131n\u0131 ve korundu\u011funu \u00f6\u011frenin.","robots":{"index":"index","follow":"follow","max-snippet":"max-snippet:-1","max-image-preview":"max-image-preview:large","max-video-preview":"max-video-preview:-1"},"canonical":"https:\/\/mcdmuhendislik.com\/en\/gizlilik-politikasi\/","og_locale":"en_US","og_type":"article","og_title":"MCD Elektrik M\u00fchendislik Gizlilik Politikas\u0131 - Veri Koruma","og_description":"MCD M\u00fchendislik gizlilik politikas\u0131: Ki\u015fisel verilerinizin nas\u0131l topland\u0131\u011f\u0131n\u0131, kullan\u0131ld\u0131\u011f\u0131n\u0131 ve korundu\u011funu \u00f6\u011frenin.","og_url":"https:\/\/mcdmuhendislik.com\/en\/gizlilik-politikasi\/","og_site_name":"MCD Elektrik M\u00fchendislik","article_modified_time":"2025-05-18T00:14:55+00:00","twitter_card":"summary_large_image","twitter_misc":{"Est. reading time":"3 minutes"},"schema":{"@context":"https:\/\/schema.org","@graph":[{"@type":"WebPage","@id":"https:\/\/mcdmuhendislik.com\/gizlilik-politikasi\/","url":"https:\/\/mcdmuhendislik.com\/gizlilik-politikasi\/","name":"MCD Elektrik M\u00fchendislik Gizlilik Politikas\u0131 - Veri Koruma","isPartOf":{"@id":"https:\/\/mcdmuhendislik.com\/#website"},"datePublished":"2025-05-15T21:02:04+00:00","dateModified":"2025-05-18T00:14:55+00:00","description":"MCD M\u00fchendislik gizlilik politikas\u0131: Ki\u015fisel verilerinizin nas\u0131l topland\u0131\u011f\u0131n\u0131, kullan\u0131ld\u0131\u011f\u0131n\u0131 ve korundu\u011funu \u00f6\u011frenin.","breadcrumb":{"@id":"https:\/\/mcdmuhendislik.com\/gizlilik-politikasi\/#breadcrumb"},"inLanguage":"en-US","potentialAction":[{"@type":"ReadAction","target":["https:\/\/mcdmuhendislik.com\/gizlilik-politikasi\/"]}]},{"@type":"BreadcrumbList","@id":"https:\/\/mcdmuhendislik.com\/gizlilik-politikasi\/#breadcrumb","itemListElement":[{"@type":"ListItem","position":1,"name":"Anasayfa","item":"https:\/\/mcdmuhendislik.com\/"},{"@type":"ListItem","position":2,"name":"Gizlilik Politikas\u0131"}]},{"@type":"WebSite","@id":"https:\/\/mcdmuhendislik.com\/#website","url":"https:\/\/mcdmuhendislik.com\/","name":"MCD Elektrik M\u00fchendislik","description":"\u0130zmir\u2019e Enerji, MCD ile G\u00fcven!","publisher":{"@id":"https:\/\/mcdmuhendislik.com\/#organization"},"alternateName":"MCD Elektrik","potentialAction":[{"@type":"SearchAction","target":{"@type":"EntryPoint","urlTemplate":"https:\/\/mcdmuhendislik.com\/?s={search_term_string}"},"query-input":{"@type":"PropertyValueSpecification","valueRequired":true,"valueName":"search_term_string"}}],"inLanguage":"en-US"},{"@type":"Organization","@id":"https:\/\/mcdmuhendislik.com\/#organization","name":"MCD Elektrik M\u00fchendislik","url":"https:\/\/mcdmuhendislik.com\/","logo":{"@type":"ImageObject","inLanguage":"en-US","@id":"https:\/\/mcdmuhendislik.com\/#\/schema\/logo\/image\/","url":"https:\/\/mcdmuhendislik.com\/wp-content\/uploads\/2025\/05\/mcd-logo-150x100-1.webp","contentUrl":"https:\/\/mcdmuhendislik.com\/wp-content\/uploads\/2025\/05\/mcd-logo-150x100-1.webp","width":150,"height":100,"caption":"MCD Elektrik M\u00fchendislik"},"image":{"@id":"https:\/\/mcdmuhendislik.com\/#\/schema\/logo\/image\/"}}]}},"_links":{"self":[{"href":"https:\/\/mcdmuhendislik.com\/en\/wp-json\/wp\/v2\/pages\/3","targetHints":{"allow":["GET"]}}],"collection":[{"href":"https:\/\/mcdmuhendislik.com\/en\/wp-json\/wp\/v2\/pages"}],"about":[{"href":"https:\/\/mcdmuhendislik.com\/en\/wp-json\/wp\/v2\/types\/page"}],"author":[{"embeddable":true,"href":"https:\/\/mcdmuhendislik.com\/en\/wp-json\/wp\/v2\/users\/1"}],"replies":[{"embeddable":true,"href":"https:\/\/mcdmuhendislik.com\/en\/wp-json\/wp\/v2\/comments?post=3"}],"version-history":[{"count":4,"href":"https:\/\/mcdmuhendislik.com\/en\/wp-json\/wp\/v2\/pages\/3\/revisions"}],"predecessor-version":[{"id":769,"href":"https:\/\/mcdmuhendislik.com\/en\/wp-json\/wp\/v2\/pages\/3\/revisions\/769"}],"wp:attachment":[{"href":"https:\/\/mcdmuhendislik.com\/en\/wp-json\/wp\/v2\/media?parent=3"}],"curies":[{"name":"wp","href":"https:\/\/api.w.org\/{rel}","templated":true}]}}